{"id":395,"date":"2021-05-07T07:11:09","date_gmt":"2021-05-07T07:11:09","guid":{"rendered":"https:\/\/apajta.hu\/index.php\/home\/"},"modified":"2023-06-28T14:35:06","modified_gmt":"2023-06-28T14:35:06","slug":"home","status":"publish","type":"page","link":"https:\/\/www.apajta.hu\/","title":{"rendered":"Home"},"content":{"rendered":"<style>\/*! elementor - v3.6.6 - 08-06-2022 *\/<br \/>\n.elementor-heading-title{padding:0;margin:0;line-height:1}.elementor-widget-heading .elementor-heading-title[class*=elementor-size-]>a{color:inherit;font-size:inherit;line-height:inherit}.elementor-widget-heading .elementor-heading-title.elementor-size-small{font-size:15px}.elementor-widget-heading .elementor-heading-title.elementor-size-medium{font-size:19px}.elementor-widget-heading .elementor-heading-title.elementor-size-large{font-size:29px}.elementor-widget-heading .elementor-heading-title.elementor-size-xl{font-size:39px}.elementor-widget-heading .elementor-heading-title.elementor-size-xxl{font-size:59px}<\/style>\n<h1>aPajta<\/h1>\n<p>otthon a Balatonon<\/p>\n<p><a href=\"#\" role=\"button\"><br \/>\nFoglalj gyorsan!<br \/>\n<\/a><\/p>\n<style>\/*! elementor - v3.6.6 - 08-06-2022 *\/<br \/>\n.elementor-widget-image{text-align:center}.elementor-widget-image a{display:inline-block}.elementor-widget-image a img[src$=\".svg\"]{width:48px}.elementor-widget-image img{vertical-align:middle;display:inline-block}<\/style>\n<p>\t\t\t\t\t\t\t\t\t\t\t\t<img loading=\"lazy\" decoding=\"async\" width=\"1707\" height=\"2560\" src=\"https:\/\/apajta.hu\/wp-content\/uploads\/2023\/06\/DSC_0226-scaled.jpg\" alt=\"\" loading=\"lazy\" srcset=\"https:\/\/apajta.hu\/wp-content\/uploads\/2023\/06\/DSC_0226-scaled.jpg 1707w, https:\/\/apajta.hu\/wp-content\/uploads\/2023\/06\/DSC_0226-200x300.jpg 200w, https:\/\/apajta.hu\/wp-content\/uploads\/2023\/06\/DSC_0226-683x1024.jpg 683w, https:\/\/apajta.hu\/wp-content\/uploads\/2023\/06\/DSC_0226-768x1152.jpg 768w, https:\/\/apajta.hu\/wp-content\/uploads\/2023\/06\/DSC_0226-1024x1536.jpg 1024w, https:\/\/apajta.hu\/wp-content\/uploads\/2023\/06\/DSC_0226-1365x2048.jpg 1365w\" sizes=\"auto, (max-width: 1707px) 100vw, 1707px\"><\/p>\n<p>Nemesvita \u00f3faluj\u00e1ban, a hegyre kanyarg\u00f3 Pet\u0151fi utc\u00e1ban \u00e1ll id\u0151tlen id\u0151k \u00f3ta aPajta. Valaha t\u00e9nyleg pajtak\u00e9nt szolg\u00e1lt, azt\u00e1n k\u0151halom lett, de most ism\u00e9t hetyk\u00e9n \u00e1ll a domboldalban, hogy \u00f6r\u00f6met \u00e9s pihen\u00e9st adjon a vend\u00e9geknek.&nbsp;&nbsp;<\/p>\n<p><a href=\"#\" role=\"button\"><br \/>\nKnow More<br \/>\n<\/a><\/p>\n<style>\/*! elementor - v3.6.6 - 08-06-2022 *\/<br \/>\n.elementor-widget-image-box .elementor-image-box-content{width:100%}@media (min-width:768px){.elementor-widget-image-box.elementor-position-left .elementor-image-box-wrapper,.elementor-widget-image-box.elementor-position-right .elementor-image-box-wrapper{display:-webkit-box;display:-ms-flexbox;display:flex}.elementor-widget-image-box.elementor-position-right .elementor-image-box-wrapper{text-align:right;-webkit-box-orient:horizontal;-webkit-box-direction:reverse;-ms-flex-direction:row-reverse;flex-direction:row-reverse}.elementor-widget-image-box.elementor-position-left .elementor-image-box-wrapper{text-align:left;-webkit-box-orient:horizontal;-webkit-box-direction:normal;-ms-flex-direction:row;flex-direction:row}.elementor-widget-image-box.elementor-position-top .elementor-image-box-img{margin:auto}.elementor-widget-image-box.elementor-vertical-align-top .elementor-image-box-wrapper{-webkit-box-align:start;-ms-flex-align:start;align-items:flex-start}.elementor-widget-image-box.elementor-vertical-align-middle .elementor-image-box-wrapper{-webkit-box-align:center;-ms-flex-align:center;align-items:center}.elementor-widget-image-box.elementor-vertical-align-bottom .elementor-image-box-wrapper{-webkit-box-align:end;-ms-flex-align:end;align-items:flex-end}}@media (max-width:767px){.elementor-widget-image-box .elementor-image-box-img{margin-left:auto!important;margin-right:auto!important;margin-bottom:15px}}.elementor-widget-image-box .elementor-image-box-img{display:inline-block}.elementor-widget-image-box .elementor-image-box-title a{color:inherit}.elementor-widget-image-box .elementor-image-box-wrapper{text-align:center}.elementor-widget-image-box .elementor-image-box-description{margin:0}<\/style>\n<h2>aPajta &#8211; otthon a Balatonon<\/h2>\n<p>A Balaton-felvid\u00e9k rejtett kincse, Nemesvita. A Keszthelyi-hegys\u00e9g keleti oldal\u00e1n kapaszkod\u00f3 \u0151si kis falucska egyed\u00fcl\u00e1ll\u00f3 l\u00e1tv\u00e1nyt, \u00f6lel\u0151 meghitts\u00e9get, pihentet\u0151 cs\u00f6ndet \u00e9s l\u00e9lekmelenget\u0151 nyugalmat k\u00edn\u00e1l.<\/p>\n<p><img loading=\"lazy\" decoding=\"async\" width=\"2560\" height=\"1707\" src=\"https:\/\/apajta.hu\/wp-content\/uploads\/2023\/06\/DSC_0264-scaled.jpg\" alt=\"\" loading=\"lazy\" srcset=\"https:\/\/apajta.hu\/wp-content\/uploads\/2023\/06\/DSC_0264-scaled.jpg 2560w, https:\/\/apajta.hu\/wp-content\/uploads\/2023\/06\/DSC_0264-300x200.jpg 300w, https:\/\/apajta.hu\/wp-content\/uploads\/2023\/06\/DSC_0264-1024x683.jpg 1024w, https:\/\/apajta.hu\/wp-content\/uploads\/2023\/06\/DSC_0264-768x512.jpg 768w, https:\/\/apajta.hu\/wp-content\/uploads\/2023\/06\/DSC_0264-1536x1024.jpg 1536w, https:\/\/apajta.hu\/wp-content\/uploads\/2023\/06\/DSC_0264-2048x1365.jpg 2048w\" sizes=\"auto, (max-width: 2560px) 100vw, 2560px\"><\/p>\n<h2>A vend\u00e9gh\u00e1z<\/h2>\n<p>Az egykori ist\u00e1ll\u00f3 meg\u00fajult, \u00e9s most k\u00e9tszintes vend\u00e9gh\u00e1zk\u00e9nt szolg\u00e1lja a vend\u00e9gek k\u00e9nyelm\u00e9t. Nappali-konyha, f\u00fcrd\u0151szoba, szauna \u00e9s persze egy kis udvari ki\u00fcl\u0151 tal\u00e1lhat\u00f3 az als\u00f3 szinten. A be\u00e9p\u00edtett padl\u00e1st\u00e9rre csigal\u00e9pcs\u0151 vezet. F\u00f6nt k\u00e9t h\u00e1l\u00f3szoba tal\u00e1lhat\u00f3. A  l\u00e9gkond\u00edcion\u00e1l\u00f3val, sz\u00fanyogh\u00e1l\u00f3 \u00e9s f\u00e9nykiz\u00e1r\u00f3 red\u0151nnyel felszerelt h\u00e1l\u00f3szob\u00e1kban n\u00e9gy feln\u0151tt tud k\u00e9nyelmesen aludni.<br \/>\nAz el\u0151t\u00e9rben egy p\u00f3t\u00e1gyat helyet\u00fcnk el, \u00edgy \u00f6t feln\u0151tt is k\u00e9nyelmesen pihenhet aPajt\u00e1ban.<\/p>\n<p><a href=\"#\" role=\"button\"><br \/>\nView All<br \/>\n<\/a><br \/>\n<img loading=\"lazy\" decoding=\"async\" width=\"1707\" height=\"2560\" src=\"https:\/\/apajta.hu\/wp-content\/uploads\/2023\/06\/DSC_0242-scaled.jpg\" alt=\"\" loading=\"lazy\" srcset=\"https:\/\/apajta.hu\/wp-content\/uploads\/2023\/06\/DSC_0242-scaled.jpg 1707w, https:\/\/apajta.hu\/wp-content\/uploads\/2023\/06\/DSC_0242-200x300.jpg 200w, https:\/\/apajta.hu\/wp-content\/uploads\/2023\/06\/DSC_0242-683x1024.jpg 683w, https:\/\/apajta.hu\/wp-content\/uploads\/2023\/06\/DSC_0242-768x1152.jpg 768w, https:\/\/apajta.hu\/wp-content\/uploads\/2023\/06\/DSC_0242-1024x1536.jpg 1024w, https:\/\/apajta.hu\/wp-content\/uploads\/2023\/06\/DSC_0242-1365x2048.jpg 1365w\" sizes=\"auto, (max-width: 1707px) 100vw, 1707px\"><br \/>\n<img loading=\"lazy\" decoding=\"async\" width=\"1707\" height=\"2560\" src=\"https:\/\/apajta.hu\/wp-content\/uploads\/2023\/06\/DSC_0242-scaled.jpg\" alt=\"\" loading=\"lazy\" srcset=\"https:\/\/apajta.hu\/wp-content\/uploads\/2023\/06\/DSC_0242-scaled.jpg 1707w, https:\/\/apajta.hu\/wp-content\/uploads\/2023\/06\/DSC_0242-200x300.jpg 200w, https:\/\/apajta.hu\/wp-content\/uploads\/2023\/06\/DSC_0242-683x1024.jpg 683w, https:\/\/apajta.hu\/wp-content\/uploads\/2023\/06\/DSC_0242-768x1152.jpg 768w, https:\/\/apajta.hu\/wp-content\/uploads\/2023\/06\/DSC_0242-1024x1536.jpg 1024w, https:\/\/apajta.hu\/wp-content\/uploads\/2023\/06\/DSC_0242-1365x2048.jpg 1365w\" sizes=\"auto, (max-width: 1707px) 100vw, 1707px\"><\/p>\n<h3>\u00c9des \u00e1lmok<\/h3>\n<p>A haj\u00f3padl\u00f3val burkolt h\u00e1l\u00f3szob\u00e1ban \u00e9des az \u00e1lom. Reggel pedig p\u00e1ratlan kil\u00e1t\u00e1sra \u00e9bredhet\u00fcnk: a n\u00e1dfedeles h\u00e1zak f\u00f6l\u00f6tt a Szent-Gy\u00f6rgy hegy l\u00e1tv\u00e1nya fogadja<\/p>\n<p><a href=\"#\" role=\"button\"><br \/>\nRead More<br \/>\n<\/a><br \/>\n<img loading=\"lazy\" decoding=\"async\" width=\"370\" height=\"440\" src=\"https:\/\/apajta.hu\/wp-content\/uploads\/2021\/05\/rooms.jpg\" alt=\"\" loading=\"lazy\" srcset=\"https:\/\/apajta.hu\/wp-content\/uploads\/2021\/05\/rooms.jpg 370w, https:\/\/apajta.hu\/wp-content\/uploads\/2021\/05\/rooms-252x300.jpg 252w\" sizes=\"auto, (max-width: 370px) 100vw, 370px\"><\/p>\n<h3>In-house Restaurants<\/h3>\n<p>We have three in-house restaurants offering different cuisines that you can choose from.<\/p>\n<p><a href=\"#\" role=\"button\"><br \/>\nRead More<br \/>\n<\/a><\/p>\n<h2>Our Inside Pictures<\/h2>\n<p>Take a look at some pretty pictures captured in and around our premises.<\/p>\n<p><img loading=\"lazy\" decoding=\"async\" width=\"388\" height=\"240\" src=\"https:\/\/apajta.hu\/wp-content\/uploads\/2021\/05\/gallery-1.jpg\" alt=\"\" loading=\"lazy\" srcset=\"https:\/\/apajta.hu\/wp-content\/uploads\/2021\/05\/gallery-1.jpg 388w, https:\/\/apajta.hu\/wp-content\/uploads\/2021\/05\/gallery-1-300x186.jpg 300w\" sizes=\"auto, (max-width: 388px) 100vw, 388px\"><br \/>\n<img loading=\"lazy\" decoding=\"async\" width=\"388\" height=\"240\" src=\"https:\/\/apajta.hu\/wp-content\/uploads\/2021\/05\/gallery-6.jpg\" alt=\"\" loading=\"lazy\" srcset=\"https:\/\/apajta.hu\/wp-content\/uploads\/2021\/05\/gallery-6.jpg 388w, https:\/\/apajta.hu\/wp-content\/uploads\/2021\/05\/gallery-6-300x186.jpg 300w\" sizes=\"auto, (max-width: 388px) 100vw, 388px\"><br \/>\n<img loading=\"lazy\" decoding=\"async\" width=\"788\" height=\"504\" src=\"https:\/\/apajta.hu\/wp-content\/uploads\/2021\/05\/gallery-2.jpg\" alt=\"\" loading=\"lazy\" srcset=\"https:\/\/apajta.hu\/wp-content\/uploads\/2021\/05\/gallery-2.jpg 788w, https:\/\/apajta.hu\/wp-content\/uploads\/2021\/05\/gallery-2-300x192.jpg 300w, https:\/\/apajta.hu\/wp-content\/uploads\/2021\/05\/gallery-2-768x491.jpg 768w\" sizes=\"auto, (max-width: 788px) 100vw, 788px\"><br \/>\n<img loading=\"lazy\" decoding=\"async\" width=\"788\" height=\"504\" src=\"https:\/\/apajta.hu\/wp-content\/uploads\/2021\/05\/gallery-3.jpg\" alt=\"\" loading=\"lazy\" srcset=\"https:\/\/apajta.hu\/wp-content\/uploads\/2021\/05\/gallery-3.jpg 788w, https:\/\/apajta.hu\/wp-content\/uploads\/2021\/05\/gallery-3-300x192.jpg 300w, https:\/\/apajta.hu\/wp-content\/uploads\/2021\/05\/gallery-3-768x491.jpg 768w\" sizes=\"auto, (max-width: 788px) 100vw, 788px\"><br \/>\n<img loading=\"lazy\" decoding=\"async\" width=\"388\" height=\"240\" src=\"https:\/\/apajta.hu\/wp-content\/uploads\/2021\/05\/gallery-5.jpg\" alt=\"\" loading=\"lazy\" srcset=\"https:\/\/apajta.hu\/wp-content\/uploads\/2021\/05\/gallery-5.jpg 388w, https:\/\/apajta.hu\/wp-content\/uploads\/2021\/05\/gallery-5-300x186.jpg 300w\" sizes=\"auto, (max-width: 388px) 100vw, 388px\"><br \/>\n<img loading=\"lazy\" decoding=\"async\" width=\"388\" height=\"240\" src=\"https:\/\/apajta.hu\/wp-content\/uploads\/2021\/05\/gallery-4.jpg\" alt=\"\" loading=\"lazy\" srcset=\"https:\/\/apajta.hu\/wp-content\/uploads\/2021\/05\/gallery-4.jpg 388w, https:\/\/apajta.hu\/wp-content\/uploads\/2021\/05\/gallery-4-300x186.jpg 300w\" sizes=\"auto, (max-width: 388px) 100vw, 388px\"><\/p>\n<h2>What Our Guests Say<\/h2>\n<p>We take pride in serving our guests with the best experience. Read what they say.<\/p>\n<style>\/*! elementor - v3.6.6 - 08-06-2022 *\/<br \/>\n.elementor-star-rating{color:#ccd6df;font-family:eicons;display:inline-block}.elementor-star-rating i{display:inline-block;position:relative;font-style:normal;cursor:default}.elementor-star-rating i:before{content:\"e934\";display:block;font-size:inherit;font-family:inherit;position:absolute;overflow:hidden;color:#f0ad4e;top:0;left:0}.elementor-star-rating .elementor-star-empty:before{content:none}.elementor-star-rating .elementor-star-1:before{width:10%}.elementor-star-rating .elementor-star-2:before{width:20%}.elementor-star-rating .elementor-star-3:before{width:30%}.elementor-star-rating .elementor-star-4:before{width:40%}.elementor-star-rating .elementor-star-5:before{width:50%}.elementor-star-rating .elementor-star-6:before{width:60%}.elementor-star-rating .elementor-star-7:before{width:70%}.elementor-star-rating .elementor-star-8:before{width:80%}.elementor-star-rating .elementor-star-9:before{width:90%}.elementor-star-rating__wrapper{display:-webkit-box;display:-ms-flexbox;display:flex;-webkit-box-align:center;-ms-flex-align:center;align-items:center}.elementor-star-rating__title{margin-right:10px}.elementor-star-rating--align-right .elementor-star-rating__wrapper{text-align:right;-webkit-box-pack:end;-ms-flex-pack:end;justify-content:flex-end}.elementor-star-rating--align-left .elementor-star-rating__wrapper{text-align:left;-webkit-box-pack:start;-ms-flex-pack:start;justify-content:flex-start}.elementor-star-rating--align-center .elementor-star-rating__wrapper{text-align:center;-webkit-box-pack:center;-ms-flex-pack:center;justify-content:center}.elementor-star-rating--align-justify .elementor-star-rating__title{margin-right:auto}@media (max-width:1024px){.elementor-star-rating-tablet--align-right .elementor-star-rating__wrapper{text-align:right;-webkit-box-pack:end;-ms-flex-pack:end;justify-content:flex-end}.elementor-star-rating-tablet--align-left .elementor-star-rating__wrapper{text-align:left;-webkit-box-pack:start;-ms-flex-pack:start;justify-content:flex-start}.elementor-star-rating-tablet--align-center .elementor-star-rating__wrapper{text-align:center;-webkit-box-pack:center;-ms-flex-pack:center;justify-content:center}.elementor-star-rating-tablet--align-justify .elementor-star-rating__title{margin-right:auto}}@media (max-width:767px){.elementor-star-rating-mobile--align-right .elementor-star-rating__wrapper{text-align:right;-webkit-box-pack:end;-ms-flex-pack:end;justify-content:flex-end}.elementor-star-rating-mobile--align-left .elementor-star-rating__wrapper{text-align:left;-webkit-box-pack:start;-ms-flex-pack:start;justify-content:flex-start}.elementor-star-rating-mobile--align-center .elementor-star-rating__wrapper{text-align:center;-webkit-box-pack:center;-ms-flex-pack:center;justify-content:center}.elementor-star-rating-mobile--align-justify .elementor-star-rating__title{margin-right:auto}}.last-star{letter-spacing:0}.elementor--star-style-star_unicode .elementor-star-rating{font-family:Arial,Helvetica,sans-serif}.elementor--star-style-star_unicode .elementor-star-rating i:not(.elementor-star-empty):before{content:\"\ufffd02605\"}<\/style>\n<p>\t\t\t\t\t\t<i>\ue934<\/i><i>\ue934<\/i><i>\ue934<\/i><i>\ue934<\/i><i>\ue934<\/i> 4.5\/5<\/p>\n<style>\/*! elementor - v3.6.6 - 08-06-2022 *\/<br \/>\n.elementor-testimonial-wrapper{overflow:hidden;text-align:center}.elementor-testimonial-wrapper .elementor-testimonial-content{font-size:1.3em;margin-bottom:20px}.elementor-testimonial-wrapper .elementor-testimonial-name{line-height:1.5;display:block}.elementor-testimonial-wrapper .elementor-testimonial-job{font-size:.85em;display:block}.elementor-testimonial-wrapper .elementor-testimonial-meta{width:100%;line-height:1}.elementor-testimonial-wrapper .elementor-testimonial-meta-inner{display:inline-block}.elementor-testimonial-wrapper .elementor-testimonial-meta .elementor-testimonial-details,.elementor-testimonial-wrapper .elementor-testimonial-meta .elementor-testimonial-image{display:table-cell;vertical-align:middle}.elementor-testimonial-wrapper .elementor-testimonial-meta .elementor-testimonial-image img{width:60px;height:60px;border-radius:50%;-o-object-fit:cover;object-fit:cover;max-width:none}.elementor-testimonial-wrapper .elementor-testimonial-meta.elementor-testimonial-image-position-aside .elementor-testimonial-image{padding-right:15px}.elementor-testimonial-wrapper .elementor-testimonial-meta.elementor-testimonial-image-position-aside .elementor-testimonial-details{text-align:left}.elementor-testimonial-wrapper .elementor-testimonial-meta.elementor-testimonial-image-position-top .elementor-testimonial-details,.elementor-testimonial-wrapper .elementor-testimonial-meta.elementor-testimonial-image-position-top .elementor-testimonial-image{display:block}.elementor-testimonial-wrapper .elementor-testimonial-meta.elementor-testimonial-image-position-top .elementor-testimonial-image{margin-bottom:20px}<\/style>\n<p>\t\t\t\t\t\t\t&#8220;Proin nulla mauris et volutpat adipiscing suspendisse vehicula blandit sagittis orci etiam morbi elit etiam semper eu lacus pretium hac nisl leo amet ullamcorper.&#8221;<br \/>\n<img loading=\"lazy\" decoding=\"async\" width=\"250\" height=\"250\" src=\"https:\/\/apajta.hu\/wp-content\/uploads\/2021\/05\/testimonial1.jpg\" alt=\"\" loading=\"lazy\"><br \/>\nEmily Hunt<br \/>\n<i>\ue934<\/i><i>\ue934<\/i><i>\ue934<\/i><i>\ue934<\/i><i>\ue934<\/i> 4.5\/5<br \/>\n&#8220;Proin nulla mauris et volutpat adipiscing suspendisse vehicula blandit sagittis orci etiam morbi elit etiam semper eu lacus pretium hac nisl leo amet ullamcorper.&#8221;<br \/>\n<img loading=\"lazy\" decoding=\"async\" width=\"250\" height=\"250\" src=\"https:\/\/apajta.hu\/wp-content\/uploads\/2021\/05\/testimonial4.jpg\" alt=\"\" loading=\"lazy\"><br \/>\nJulie Robinson<br \/>\n<i>\ue934<\/i><i>\ue934<\/i><i>\ue934<\/i><i>\ue934<\/i><i>\ue934<\/i> 4.5\/5<br \/>\n&#8220;Proin nulla mauris et volutpat adipiscing suspendisse vehicula blandit sagittis orci etiam morbi elit etiam semper eu lacus pretium hac nisl leo amet ullamcorper.&#8221;<br \/>\n<img loading=\"lazy\" decoding=\"async\" width=\"250\" height=\"250\" src=\"https:\/\/apajta.hu\/wp-content\/uploads\/2021\/05\/testimonial2.jpg\" alt=\"\" loading=\"lazy\"><br \/>\nMorgan Jonathan<br \/>\n<i>\ue934<\/i><i>\ue934<\/i><i>\ue934<\/i><i>\ue934<\/i><i>\ue934<\/i> 4.5\/5<br \/>\n&#8220;Proin nulla mauris et volutpat adipiscing suspendisse vehicula blandit sagittis orci etiam morbi elit etiam semper eu lacus pretium hac nisl leo amet ullamcorper.&#8221;<br \/>\n<img loading=\"lazy\" decoding=\"async\" width=\"250\" height=\"250\" src=\"https:\/\/apajta.hu\/wp-content\/uploads\/2021\/05\/testimonial3.jpg\" alt=\"\" loading=\"lazy\"><br \/>\nJames Brook<\/p>\n<h2>Friss\u00edt\u0151 pihen\u00e9s a Balaton-felvid\u00e9ken<br \/>\n&#8211; aPajta &#8211;<br \/>\notthon a Balaton!<\/h2>\n<p>L\u00e9pjen vel\u00fcnk kapcsolatba, \u00e9s foglaljon most!<\/p>\n<p>Book Your Stay Now<\/p>\n<link rel=\"stylesheet\" href=\"https:\/\/apajta.hu\/wp-content\/plugins\/elementor\/assets\/css\/widget-icon-list.min.css\">\n<ul>\n<li>\n\t\t\t\t\t\t\t\t\t\t+36 20 215 7283<\/li>\n<\/ul>\n","protected":false},"excerpt":{"rendered":"<p>aPajta otthon a Balatonon Foglalj gyorsan! Nemesvita \u00f3faluj\u00e1ban, a hegyre kanyarg\u00f3 Pet\u0151fi utc\u00e1ban \u00e1ll id\u0151tlen id\u0151k \u00f3ta aPajta. Valaha t\u00e9nyleg pajtak\u00e9nt szolg\u00e1lt, azt\u00e1n k\u0151halom lett, de most ism\u00e9t hetyk\u00e9n \u00e1ll a domboldalban, hogy \u00f6r\u00f6met \u00e9s pihen\u00e9st adjon a vend\u00e9geknek.&nbsp;&nbsp; Know More aPajta &#8211; otthon a Balatonon A Balaton-felvid\u00e9k rejtett kincse, Nemesvita. A Keszthelyi-hegys\u00e9g keleti oldal\u00e1n [&hellip;]<\/p>\n","protected":false},"author":1,"featured_media":0,"parent":0,"menu_order":0,"comment_status":"closed","ping_status":"closed","template":"","meta":{"site-sidebar-layout":"no-sidebar","site-content-layout":"page-builder","ast-site-content-layout":"","site-content-style":"default","site-sidebar-style":"default","ast-global-header-display":"","ast-banner-title-visibility":"","ast-main-header-display":"","ast-hfb-above-header-display":"","ast-hfb-below-header-display":"","ast-hfb-mobile-header-display":"","site-post-title":"disabled","ast-breadcrumbs-content":"","ast-featured-img":"disabled","footer-sml-layout":"","theme-transparent-header-meta":"enabled","adv-header-id-meta":"","stick-header-meta":"","header-above-stick-meta":"","header-main-stick-meta":"","header-below-stick-meta":"","astra-migrate-meta-layouts":"default","ast-page-background-enabled":"default","ast-page-background-meta":{"desktop":{"background-color":"","background-image":"","background-repeat":"repeat","background-position":"center center","background-size":"auto","background-attachment":"scroll","background-type":"","background-media":"","overlay-type":"","overlay-color":"","overlay-gradient":""},"tablet":{"background-color":"","background-image":"","background-repeat":"repeat","background-position":"center center","background-size":"auto","background-attachment":"scroll","background-type":"","background-media":"","overlay-type":"","overlay-color":"","overlay-gradient":""},"mobile":{"background-color":"","background-image":"","background-repeat":"repeat","background-position":"center center","background-size":"auto","background-attachment":"scroll","background-type":"","background-media":"","overlay-type":"","overlay-color":"","overlay-gradient":""}},"ast-content-background-meta":{"desktop":{"background-color":"var(--ast-global-color-5)","background-image":"","background-repeat":"repeat","background-position":"center center","background-size":"auto","background-attachment":"scroll","background-type":"","background-media":"","overlay-type":"","overlay-color":"","overlay-gradient":""},"tablet":{"background-color":"var(--ast-global-color-5)","background-image":"","background-repeat":"repeat","background-position":"center center","background-size":"auto","background-attachment":"scroll","background-type":"","background-media":"","overlay-type":"","overlay-color":"","overlay-gradient":""},"mobile":{"background-color":"var(--ast-global-color-5)","background-image":"","background-repeat":"repeat","background-position":"center center","background-size":"auto","background-attachment":"scroll","background-type":"","background-media":"","overlay-type":"","overlay-color":"","overlay-gradient":""}},"footnotes":""},"class_list":["post-395","page","type-page","status-publish","hentry"],"_links":{"self":[{"href":"https:\/\/www.apajta.hu\/index.php\/wp-json\/wp\/v2\/pages\/395","targetHints":{"allow":["GET"]}}],"collection":[{"href":"https:\/\/www.apajta.hu\/index.php\/wp-json\/wp\/v2\/pages"}],"about":[{"href":"https:\/\/www.apajta.hu\/index.php\/wp-json\/wp\/v2\/types\/page"}],"author":[{"embeddable":true,"href":"https:\/\/www.apajta.hu\/index.php\/wp-json\/wp\/v2\/users\/1"}],"replies":[{"embeddable":true,"href":"https:\/\/www.apajta.hu\/index.php\/wp-json\/wp\/v2\/comments?post=395"}],"version-history":[{"count":11,"href":"https:\/\/www.apajta.hu\/index.php\/wp-json\/wp\/v2\/pages\/395\/revisions"}],"predecessor-version":[{"id":426,"href":"https:\/\/www.apajta.hu\/index.php\/wp-json\/wp\/v2\/pages\/395\/revisions\/426"}],"wp:attachment":[{"href":"https:\/\/www.apajta.hu\/index.php\/wp-json\/wp\/v2\/media?parent=395"}],"curies":[{"name":"wp","href":"https:\/\/api.w.org\/{rel}","templated":true}]}}